{"id":2477,"date":"2021-02-09T14:28:08","date_gmt":"2021-02-09T13:28:08","guid":{"rendered":"https:\/\/credorobotics.com\/imprint\/"},"modified":"2023-11-24T10:20:43","modified_gmt":"2023-11-24T09:20:43","slug":"impressum","status":"publish","type":"page","link":"https:\/\/credorobotics.com\/de\/impressum\/","title":{"rendered":"Impressum"},"content":{"rendered":"<p>[et_pb_section fb_built=&#8220;1&#8243; disabled_on=&#8220;off|off|off&#8220; admin_label=&#8220;Call to Action&#8220; _builder_version=&#8220;4.5.6&#8243; custom_margin=&#8220;40px||||false|false&#8220; global_colors_info=&#8220;{}&#8220;][et_pb_row _builder_version=&#8220;4.5.6&#8243; custom_margin=&#8220;-25px||||false|false&#8220; global_colors_info=&#8220;{}&#8220;][et_pb_column type=&#8220;4_4&#8243; _builder_version=&#8220;3.25&#8243; custom_padding=&#8220;|||&#8220; global_colors_info=&#8220;{}&#8220; custom_padding__hover=&#8220;|||&#8220;][et_pb_text _builder_version=&#8220;4.14.1&#8243; _module_preset=&#8220;default&#8220; text_font_size=&#8220;15px&#8220; header_2_font_size=&#8220;35px&#8220; header_2_line_height=&#8220;1.9em&#8220; header_3_font_size=&#8220;23px&#8220; custom_margin=&#8220;||20px||false|false&#8220; global_colors_info=&#8220;{}&#8220;]<\/p>\n<h1>Impressum<\/h1>\n<p>CREDO Robotics GmbH<\/p>\n<p>Automatisierung &#038; Robotics im Bauwesen<\/p>\n<p>Gesch\u00e4ftsf\u00fchrer: Prof. Dr.-Ing. Thomas Linner<\/p>\n<p>Handelsregister HRB Nr.12973<\/p>\n<p>Firmensitz und Gericht: Straubing, DE-BY<\/p>\n<p>Steuer-ID-Nr.: DE333356365<\/p>\n<h2>Postanschrift<\/h2>\n<p>CREDO Robotics GmbH<\/p>\n<p>Bajuwarenstra\u00dfe 47<\/p>\n<p>94315 Straubing<\/p>\n<p>Deutschland DE<\/p>\n<p>T: +49 176 61032728<\/p>\n<p>E: nl@credorobotics.de<\/p>\n<p>Web: www.credorobotics.com<\/p>\n<p>Verantwortlich f\u00fcr den Inhalt: Prof. Dr.-Ing. Thomas Linner<\/p>\n<p>Quellenangaben zu den verwendeten Bildern und Grafiken:<\/p>\n<p>shutterstock.com<\/p>\n<h2>Haftungsausschluss<\/h2>\n<h3>Haftung f\u00fcr den Inhalt<\/h3>\n<p>Als Dienstleister sind wir gem\u00e4\u00df \u00a7 7 Abs.1 TMG f\u00fcr eigene Inhalte auf diesen Seiten nach den allgemeinen Gesetzen verantwortlich. Nach \u00a7\u00a7 8 bis 10 TMG sind wir als Dienstleister jedoch nicht verpflichtet, \u00fcbermittelte oder gespeicherte fremde Informationen zu \u00fcberwachen oder nach Umst\u00e4nden zu forschen, die auf eine rechtswidrige T\u00e4tigkeit hinweisen. Verpflichtungen zur Entfernung oder Sperrung der Nutzung von Informationen nach den allgemeinen Gesetzen bleiben hiervon unber\u00fchrt. Eine diesbez\u00fcgliche Haftung ist jedoch erst ab dem Zeitpunkt der Kenntnis einer konkreten Rechtsverletzung m\u00f6glich. Bei Bekanntwerden von Rechtsverletzungen werden wir derartige Inhalte umgehend entfernen.<\/p>\n<h3>Haftung f\u00fcr Links<\/h3>\n<p>Unser Angebot enth\u00e4lt Links zu externen Webseiten Dritter, auf deren Inhalte wir keinen Einfluss haben. Deshalb k\u00f6nnen wir f\u00fcr diese fremden Inhalte auch keine Gew\u00e4hr \u00fcbernehmen. F\u00fcr die Inhalte der verlinkten Seiten ist stets der jeweilige Anbieter oder Betreiber der Seiten verantwortlich. Die verlinkten Seiten wurden zum Zeitpunkt der Verlinkung auf m\u00f6gliche Rechtsverst\u00f6\u00dfe \u00fcberpr\u00fcft. Rechtswidrige Inhalte waren zum Zeitpunkt der Verlinkung nicht erkennbar. Eine permanente inhaltliche Kontrolle der verlinkten Seiten ist jedoch ohne konkrete Anhaltspunkte einer Rechtsverletzung nicht zumutbar. Bei Bekanntwerden von Rechtsverletzungen werden wir derartige Links umgehend entfernen.<\/p>\n<h3>Urheberrechte<\/h3>\n<p>Die durch die Seitenbetreiber erstellten Inhalte und Werke auf diesen Seiten unterliegen dem deutschen Urheberrecht. Die Vervielf\u00e4ltigung, Bearbeitung, Verbreitung und jede Art der Verwertung au\u00dferhalb der Grenzen des Urheberrechtes bed\u00fcrfen der schriftlichen Zustimmung des jeweiligen Autors bzw. Erstellers. Downloads und Kopien dieser Seite sind nur f\u00fcr den privaten, nicht-kommerziellen Gebrauch gestattet. Soweit die Inhalte auf dieser Seite nicht vom Betreiber erstellt wurden, werden die Urheberrechte Dritter beachtet. Insbesondere werden Inhalte Dritter als solche gekennzeichnet. Sollten Sie trotzdem auf eine Urheberrechtsverletzung aufmerksam werden, bitten wir um einen entsprechenden Hinweis. Bei Bekanntwerden von Rechtsverletzungen werden wir derartige Inhalte umgehend entfernen.[\/et_pb_text][\/et_pb_column][\/et_pb_row][\/et_pb_section]<\/p>\n","protected":false},"excerpt":{"rendered":"<p>Impressum CREDO Robotics GmbH Automatisierung &#038; Robotics im Bauwesen Gesch\u00e4ftsf\u00fchrer: Prof. Dr.-Ing. Thomas Linner Handelsregister HRB Nr.12973 Firmensitz und Gericht: Straubing, DE-BY Steuer-ID-Nr.: DE333356365 Postanschrift CREDO Robotics GmbH Bajuwarenstra\u00dfe 47 94315 Straubing Deutschland DE T: +49 176 61032728 E: nl@credorobotics.de Web: www.credorobotics.com Verantwortlich f\u00fcr den Inhalt: Prof. Dr.-Ing. Thomas Linner Quellenangaben zu den verwendeten Bildern [&hellip;]<\/p>\n","protected":false},"author":1,"featured_media":0,"parent":0,"menu_order":0,"comment_status":"closed","ping_status":"closed","template":"","meta":{"_et_pb_use_builder":"on","_et_pb_old_content":"","_et_gb_content_width":"","inline_featured_image":false,"footnotes":""},"class_list":["post-2477","page","type-page","status-publish","hentry"],"yoast_head":"<!-- This site is optimized with the Yoast SEO plugin v21.9.1 - https:\/\/yoast.com\/wordpress\/plugins\/seo\/ -->\n<title>Impressum. CREDO Robotics GmbH, Automatisierung &amp; Robotik im Bauwesen<\/title>\n<meta name=\"description\" content=\"Gesch\u00e4ftsf\u00fchrer: Dr.-Ing. Thomas Linner, Kontakt: T: +49 176 61032728, E: nl@credorobotics.de, Web: www.credorobotics.com\" \/>\n<meta name=\"robots\" content=\"index, follow, max-snippet:-1, max-image-preview:large, max-video-preview:-1\" \/>\n<link rel=\"canonical\" href=\"https:\/\/credorobotics.com\/imprint\/\" \/>\n<meta property=\"og:locale\" content=\"de_DE\" \/>\n<meta property=\"og:type\" content=\"article\" \/>\n<meta property=\"og:title\" content=\"Impressum. CREDO Robotics GmbH, Automatisierung &amp; Robotik im Bauwesen\" \/>\n<meta property=\"og:description\" content=\"Gesch\u00e4ftsf\u00fchrer: Dr.-Ing. Thomas Linner, Kontakt: T: +49 176 61032728, E: nl@credorobotics.de, Web: www.credorobotics.com\" \/>\n<meta property=\"og:url\" content=\"https:\/\/credorobotics.com\/imprint\/\" \/>\n<meta property=\"og:site_name\" content=\"CREDO Robotics GmbH\" \/>\n<meta property=\"article:modified_time\" content=\"2023-11-24T09:20:43+00:00\" \/>\n<meta name=\"twitter:card\" content=\"summary_large_image\" \/>\n<meta name=\"twitter:label1\" content=\"Gesch\u00e4tzte Lesezeit\" \/>\n\t<meta name=\"twitter:data1\" content=\"2\u00a0Minuten\" \/>\n<script type=\"application\/ld+json\" class=\"yoast-schema-graph\">{\"@context\":\"https:\/\/schema.org\",\"@graph\":[{\"@type\":\"WebPage\",\"@id\":\"https:\/\/credorobotics.com\/imprint\/\",\"url\":\"https:\/\/credorobotics.com\/imprint\/\",\"name\":\"Impressum. CREDO Robotics GmbH, Automatisierung & Robotik im Bauwesen\",\"isPartOf\":{\"@id\":\"https:\/\/credorobotics.com\/#website\"},\"datePublished\":\"2021-02-09T13:28:08+00:00\",\"dateModified\":\"2023-11-24T09:20:43+00:00\",\"description\":\"Gesch\u00e4ftsf\u00fchrer: Dr.-Ing. Thomas Linner, Kontakt: T: +49 176 61032728, E: nl@credorobotics.de, Web: www.credorobotics.com\",\"breadcrumb\":{\"@id\":\"https:\/\/credorobotics.com\/imprint\/#breadcrumb\"},\"inLanguage\":\"de\",\"potentialAction\":[{\"@type\":\"ReadAction\",\"target\":[\"https:\/\/credorobotics.com\/imprint\/\"]}]},{\"@type\":\"BreadcrumbList\",\"@id\":\"https:\/\/credorobotics.com\/imprint\/#breadcrumb\",\"itemListElement\":[{\"@type\":\"ListItem\",\"position\":1,\"name\":\"Startseite\",\"item\":\"https:\/\/credorobotics.com\/\"},{\"@type\":\"ListItem\",\"position\":2,\"name\":\"Impressum\"}]},{\"@type\":\"WebSite\",\"@id\":\"https:\/\/credorobotics.com\/#website\",\"url\":\"https:\/\/credorobotics.com\/\",\"name\":\"CREDO Robotics GmbH\",\"description\":\"Construction robotics solutions\",\"potentialAction\":[{\"@type\":\"SearchAction\",\"target\":{\"@type\":\"EntryPoint\",\"urlTemplate\":\"https:\/\/credorobotics.com\/?s={search_term_string}\"},\"query-input\":\"required name=search_term_string\"}],\"inLanguage\":\"de\"}]}<\/script>\n<!-- \/ Yoast SEO plugin. -->","yoast_head_json":{"title":"Impressum. CREDO Robotics GmbH, Automatisierung & Robotik im Bauwesen","description":"Gesch\u00e4ftsf\u00fchrer: Dr.-Ing. Thomas Linner, Kontakt: T: +49 176 61032728, E: nl@credorobotics.de, Web: www.credorobotics.com","robots":{"index":"index","follow":"follow","max-snippet":"max-snippet:-1","max-image-preview":"max-image-preview:large","max-video-preview":"max-video-preview:-1"},"canonical":"https:\/\/credorobotics.com\/imprint\/","og_locale":"de_DE","og_type":"article","og_title":"Impressum. CREDO Robotics GmbH, Automatisierung & Robotik im Bauwesen","og_description":"Gesch\u00e4ftsf\u00fchrer: Dr.-Ing. Thomas Linner, Kontakt: T: +49 176 61032728, E: nl@credorobotics.de, Web: www.credorobotics.com","og_url":"https:\/\/credorobotics.com\/imprint\/","og_site_name":"CREDO Robotics GmbH","article_modified_time":"2023-11-24T09:20:43+00:00","twitter_card":"summary_large_image","twitter_misc":{"Gesch\u00e4tzte Lesezeit":"2\u00a0Minuten"},"schema":{"@context":"https:\/\/schema.org","@graph":[{"@type":"WebPage","@id":"https:\/\/credorobotics.com\/imprint\/","url":"https:\/\/credorobotics.com\/imprint\/","name":"Impressum. CREDO Robotics GmbH, Automatisierung & Robotik im Bauwesen","isPartOf":{"@id":"https:\/\/credorobotics.com\/#website"},"datePublished":"2021-02-09T13:28:08+00:00","dateModified":"2023-11-24T09:20:43+00:00","description":"Gesch\u00e4ftsf\u00fchrer: Dr.-Ing. Thomas Linner, Kontakt: T: +49 176 61032728, E: nl@credorobotics.de, Web: www.credorobotics.com","breadcrumb":{"@id":"https:\/\/credorobotics.com\/imprint\/#breadcrumb"},"inLanguage":"de","potentialAction":[{"@type":"ReadAction","target":["https:\/\/credorobotics.com\/imprint\/"]}]},{"@type":"BreadcrumbList","@id":"https:\/\/credorobotics.com\/imprint\/#breadcrumb","itemListElement":[{"@type":"ListItem","position":1,"name":"Startseite","item":"https:\/\/credorobotics.com\/"},{"@type":"ListItem","position":2,"name":"Impressum"}]},{"@type":"WebSite","@id":"https:\/\/credorobotics.com\/#website","url":"https:\/\/credorobotics.com\/","name":"CREDO Robotics GmbH","description":"Construction robotics solutions","potentialAction":[{"@type":"SearchAction","target":{"@type":"EntryPoint","urlTemplate":"https:\/\/credorobotics.com\/?s={search_term_string}"},"query-input":"required name=search_term_string"}],"inLanguage":"de"}]}},"_links":{"self":[{"href":"https:\/\/credorobotics.com\/de\/wp-json\/wp\/v2\/pages\/2477","targetHints":{"allow":["GET"]}}],"collection":[{"href":"https:\/\/credorobotics.com\/de\/wp-json\/wp\/v2\/pages"}],"about":[{"href":"https:\/\/credorobotics.com\/de\/wp-json\/wp\/v2\/types\/page"}],"author":[{"embeddable":true,"href":"https:\/\/credorobotics.com\/de\/wp-json\/wp\/v2\/users\/1"}],"replies":[{"embeddable":true,"href":"https:\/\/credorobotics.com\/de\/wp-json\/wp\/v2\/comments?post=2477"}],"version-history":[{"count":3,"href":"https:\/\/credorobotics.com\/de\/wp-json\/wp\/v2\/pages\/2477\/revisions"}],"predecessor-version":[{"id":2487,"href":"https:\/\/credorobotics.com\/de\/wp-json\/wp\/v2\/pages\/2477\/revisions\/2487"}],"wp:attachment":[{"href":"https:\/\/credorobotics.com\/de\/wp-json\/wp\/v2\/media?parent=2477"}],"curies":[{"name":"wp","href":"https:\/\/api.w.org\/{rel}","templated":true}]}}