{"id":2425,"date":"2021-02-02T13:30:58","date_gmt":"2021-02-02T12:30:58","guid":{"rendered":"https:\/\/credorobotics.com\/our-team\/"},"modified":"2025-04-07T20:59:25","modified_gmt":"2025-04-07T18:59:25","slug":"unser-team","status":"publish","type":"page","link":"https:\/\/credorobotics.com\/de\/unser-team\/","title":{"rendered":"Unser Team"},"content":{"rendered":"<p>[et_pb_section fb_built=&#8220;1&#8243; fullwidth=&#8220;on&#8220; admin_label=&#8220;Hero&#8220; _builder_version=&#8220;4.5.6&#8243; background_image=&#8220;https:\/\/www.credorobotics.de\/wp-content\/uploads\/2020\/12\/stage-8.jpg&#8220; global_colors_info=&#8220;{}&#8220;][et_pb_fullwidth_header title=&#8220;Unser Team&#8220; subhead=&#8220;Treffen Sie die Denker und Macher&#8220; button_one_url=&#8220;https:\/\/www.credorobotics.de\/services\/&#8220; button_two_url=&#8220;https:\/\/www.credorobotics.de\/industry-sections\/&#8220; content_max_width=&#8220;700px&#8220; _builder_version=&#8220;4.14.1&#8243; title_font=&#8220;Lato|700|||||||&#8220; title_font_size=&#8220;42px&#8220; title_line_height=&#8220;1.4em&#8220; content_font=&#8220;||||||||&#8220; content_font_size=&#8220;20px&#8220; content_line_height=&#8220;1.8em&#8220; subhead_font=&#8220;Lato|300|||||||&#8220; subhead_font_size=&#8220;30px&#8220; subhead_line_height=&#8220;1.3em&#8220; background_color=&#8220;rgba(0,0,0,0)&#8220; use_background_color_gradient=&#8220;on&#8220; background_color_gradient_start=&#8220;rgba(0,118,190,0.88)&#8220; background_color_gradient_end=&#8220;rgba(20,188,210,0.61)&#8220; background_color_gradient_direction=&#8220;90deg&#8220; background_color_gradient_start_position=&#8220;5%&#8220; background_color_gradient_overlays_image=&#8220;on&#8220; background_image=&#8220;https:\/\/credorobotics.com\/wp-content\/uploads\/2022\/02\/IMG_9535-001_Edit-scaled.jpg&#8220; custom_button_one=&#8220;on&#8220; button_one_text_size=&#8220;16px&#8220; button_one_text_color=&#8220;#0074bd&#8220; button_one_bg_color=&#8220;#ffffff&#8220; button_one_border_width=&#8220;10px&#8220; button_one_border_color=&#8220;rgba(210,159,104,0)&#8220; button_one_border_radius=&#8220;100px&#8220; button_one_font=&#8220;Lato|700|||||||&#8220; button_one_use_icon=&#8220;off&#8220; custom_button_two=&#8220;on&#8220; button_two_text_size=&#8220;16px&#8220; button_two_text_color=&#8220;#ffffff&#8220; button_two_bg_color=&#8220;rgba(255,255,255,0.15)&#8220; button_two_border_width=&#8220;10px&#8220; button_two_border_color=&#8220;rgba(210,159,104,0)&#8220; button_two_border_radius=&#8220;100px&#8220; button_two_font=&#8220;Lato|900|||||||&#8220; button_two_use_icon=&#8220;off&#8220; custom_margin=&#8220;|||&#8220; custom_padding=&#8220;80px||120px||false|false&#8220; custom_padding_tablet=&#8220;20vw||20vw||true&#8220; custom_padding_phone=&#8220;4vw||4vw||true|false&#8220; custom_padding_last_edited=&#8220;on|desktop&#8220; title_font_size_tablet=&#8220;50px&#8220; title_font_size_phone=&#8220;32px&#8220; title_font_size_last_edited=&#8220;on|tablet&#8220; subhead_font_size_tablet=&#8220;&#8220; subhead_font_size_phone=&#8220;23px&#8220; subhead_font_size_last_edited=&#8220;on|phone&#8220; button_one_text_color_hover=&#8220;#3550a0&#8243; button_two_text_color_hover=&#8220;#ffffff&#8220; button_one_bg_color_hover=&#8220;rgba(255,255,255,0.8)&#8220; button_two_bg_color_hover=&#8220;rgba(255,255,255,0.3)&#8220; global_colors_info=&#8220;{}&#8220; button_one_text_size__hover_enabled=&#8220;off&#8220; button_two_text_size__hover_enabled=&#8220;off&#8220; button_one_text_color__hover_enabled=&#8220;on|hover&#8220; button_one_text_color__hover=&#8220;#0065a3&#8243; button_two_text_color__hover_enabled=&#8220;on&#8220; button_two_text_color__hover=&#8220;#ffffff&#8220; button_one_border_width__hover_enabled=&#8220;off&#8220; button_two_border_width__hover_enabled=&#8220;off&#8220; button_one_border_color__hover_enabled=&#8220;off&#8220; button_two_border_color__hover_enabled=&#8220;off&#8220; button_one_border_radius__hover_enabled=&#8220;off&#8220; button_two_border_radius__hover_enabled=&#8220;off&#8220; button_one_letter_spacing__hover_enabled=&#8220;off&#8220; button_two_letter_spacing__hover_enabled=&#8220;off&#8220; button_one_bg_color__hover_enabled=&#8220;on&#8220; button_one_bg_color__hover=&#8220;rgba(255,255,255,0.8)&#8220; button_two_bg_color__hover_enabled=&#8220;on&#8220; button_two_bg_color__hover=&#8220;rgba(255,255,255,0.3)&#8220;][\/et_pb_fullwidth_header][\/et_pb_section][et_pb_section fb_built=&#8220;1&#8243; disabled_on=&#8220;off|off|off&#8220; admin_label=&#8220;Call to Action&#8220; _builder_version=&#8220;4.5.6&#8243; custom_margin=&#8220;||||false|false&#8220; custom_padding=&#8220;60px|||||&#8220; global_colors_info=&#8220;{}&#8220;][et_pb_row column_structure=&#8220;1_5,1_5,1_5,1_5,1_5&#8243; _builder_version=&#8220;4.14.1&#8243; custom_margin=&#8220;30px|auto|-45px|auto|false|false&#8220; custom_margin_tablet=&#8220;8px||||false|false&#8220; custom_margin_phone=&#8220;-18px||-45px||false|false&#8220; custom_margin_last_edited=&#8220;on|phone&#8220; hover_enabled=&#8220;0&#8243; global_colors_info=&#8220;{}&#8220; sticky_enabled=&#8220;0&#8243;][et_pb_column type=&#8220;1_5&#8243; _builder_version=&#8220;4.14.1&#8243; background_color=&#8220;#efefef&#8220; custom_padding=&#8220;|||&#8220; global_colors_info=&#8220;{}&#8220; custom_padding__hover=&#8220;|||&#8220;][et_pb_image src=&#8220;https:\/\/credorobotics.com\/wp-content\/uploads\/2022\/02\/Thomas_Linner.jpg&#8220; title_text=&#8220;Thomas_Linner&#8220; _builder_version=&#8220;4.14.1&#8243; _module_preset=&#8220;default&#8220; box_shadow_style=&#8220;preset2&#8243; global_colors_info=&#8220;{}&#8220;][\/et_pb_image][et_pb_text _builder_version=&#8220;4.14.1&#8243; _module_preset=&#8220;default&#8220; text_font_size=&#8220;17px&#8220; text_line_height=&#8220;1.8em&#8220; background_color=&#8220;rgba(0,0,0,0)&#8220; min_height=&#8220;249.6px&#8220; custom_padding=&#8220;||1px|||&#8220; global_colors_info=&#8220;{}&#8220;]<\/p>\n<p style=\"text-align: center;\"><span style=\"color: #0076be;\"><strong>Prof. Dr.-Ing. Thomas Linner<\/strong><\/span><\/p>\n<p style=\"text-align: center;\">Gesch\u00e4ftsf\u00fchrer<\/p>\n<p style=\"text-align: center;\"><em><strong>Schl\u00fcsselqualifikationen:<\/strong><\/em><br \/>\nSystems engineering, Standardisation<\/p>\n<p>[\/et_pb_text][\/et_pb_column][et_pb_column type=&#8220;1_5&#8243; _builder_version=&#8220;4.14.1&#8243; background_color=&#8220;#efefef&#8220; custom_padding=&#8220;|||&#8220; global_colors_info=&#8220;{}&#8220; custom_padding__hover=&#8220;|||&#8220;][et_pb_image src=&#8220;https:\/\/credorobotics.com\/wp-content\/uploads\/2022\/02\/Natalie_Linner.jpg&#8220; title_text=&#8220;Natalie_Linner&#8220; _builder_version=&#8220;4.14.1&#8243; _module_preset=&#8220;default&#8220; box_shadow_style=&#8220;preset2&#8243; global_colors_info=&#8220;{}&#8220;][\/et_pb_image][et_pb_text _builder_version=&#8220;4.14.1&#8243; _module_preset=&#8220;default&#8220; text_font_size=&#8220;17px&#8220; text_line_height=&#8220;1.8em&#8220; background_color=&#8220;rgba(0,0,0,0)&#8220; min_height=&#8220;251px&#8220; global_colors_info=&#8220;{}&#8220;]<\/p>\n<p style=\"text-align: center;\"><span style=\"color: #0076be;\"><strong>Natalie Linner<\/strong><\/span><\/p>\n<p style=\"text-align: center;\">Marketing und Projektmanagement<\/p>\n<p style=\"text-align: center;\"><em><strong>Schl\u00fcsselqualifikationen:<br \/>\n<\/strong><\/em>Marketing, Projektkoordination<\/p>\n<p>[\/et_pb_text][\/et_pb_column][et_pb_column type=&#8220;1_5&#8243; _builder_version=&#8220;4.14.1&#8243; background_color=&#8220;#efefef&#8220; custom_padding=&#8220;|||&#8220; global_colors_info=&#8220;{}&#8220; custom_padding__hover=&#8220;|||&#8220;][et_pb_image src=&#8220;https:\/\/credorobotics.com\/wp-content\/uploads\/2022\/02\/Marc_Schmailzl.jpg&#8220; title_text=&#8220;Marc_Schmailzl&#8220; _builder_version=&#8220;4.14.1&#8243; _module_preset=&#8220;default&#8220; box_shadow_style=&#8220;preset2&#8243; global_colors_info=&#8220;{}&#8220;][\/et_pb_image][et_pb_text _builder_version=&#8220;4.14.1&#8243; _module_preset=&#8220;default&#8220; text_font_size=&#8220;17px&#8220; text_line_height=&#8220;1.8em&#8220; min_height=&#8220;249.6px&#8220; custom_padding=&#8220;||1px|||&#8220; global_colors_info=&#8220;{}&#8220;]<\/p>\n<p style=\"text-align: center;\"><span style=\"color: #0076be;\"><strong>M.A. Marc Schmailzl<\/strong><\/span><\/p>\n<p style=\"text-align: center;\">Projektmanager<\/p>\n<p style=\"text-align: center;\"><em><strong>Schl\u00fcsselqualifikationen:<\/strong><\/em><br \/>\nBIM-to-Robot, parametrisches und generatives Design<\/p>\n<p>[\/et_pb_text][\/et_pb_column][et_pb_column type=&#8220;1_5&#8243; _builder_version=&#8220;4.14.1&#8243; _module_preset=&#8220;default&#8220; background_color=&#8220;#efefef&#8220; hover_enabled=&#8220;0&#8243; global_colors_info=&#8220;{}&#8220; sticky_enabled=&#8220;0&#8243;][et_pb_image src=&#8220;https:\/\/credorobotics.com\/wp-content\/uploads\/2022\/02\/Charlie_Zhao.jpg&#8220; title_text=&#8220;Charlie_Zhao&#8220; _builder_version=&#8220;4.14.1&#8243; _module_preset=&#8220;default&#8220; box_shadow_style=&#8220;preset2&#8243; global_colors_info=&#8220;{}&#8220;][\/et_pb_image][et_pb_text _builder_version=&#8220;4.14.1&#8243; _module_preset=&#8220;default&#8220; text_font_size=&#8220;17px&#8220; text_line_height=&#8220;1.8em&#8220; background_color=&#8220;rgba(0,0,0,0)&#8220; min_height=&#8220;251px&#8220; hover_enabled=&#8220;0&#8243; global_colors_info=&#8220;{}&#8220; sticky_enabled=&#8220;0&#8243;]<\/p>\n<p style=\"text-align: center;\"><span style=\"color: #0076be;\"><strong>Charlie Zhao<\/strong><\/span><\/p>\n<p style=\"text-align: center;\">Beraterin<\/p>\n<p style=\"text-align: center;\"><em><strong>Schl\u00fcsselqualifikationen:<br \/>\n<\/strong><\/em>Gesch\u00e4ftsmodelle, Start-ups, Technologief\u00f6rderung und Finanzierung<\/p>\n<p style=\"text-align: center;\"><strong><em><\/em><\/strong><\/p>\n<p>[\/et_pb_text][\/et_pb_column][et_pb_column type=&#8220;1_5&#8243; _builder_version=&#8220;4.14.1&#8243; _module_preset=&#8220;default&#8220; hover_enabled=&#8220;0&#8243; global_colors_info=&#8220;{}&#8220; background_color=&#8220;#efefef&#8220; sticky_enabled=&#8220;0&#8243;][et_pb_image src=&#8220;https:\/\/credorobotics.com\/wp-content\/uploads\/2022\/02\/Thomas_Bock.jpg&#8220; title_text=&#8220;Thomas_Bock&#8220; _builder_version=&#8220;4.14.1&#8243; _module_preset=&#8220;default&#8220; hover_enabled=&#8220;0&#8243; box_shadow_style=&#8220;preset2&#8243; global_colors_info=&#8220;{}&#8220; sticky_enabled=&#8220;0&#8243;][\/et_pb_image][et_pb_text _builder_version=&#8220;4.14.1&#8243; _module_preset=&#8220;default&#8220; text_font_size=&#8220;17px&#8220; text_line_height=&#8220;1.8em&#8220; min_height=&#8220;251px&#8220; global_colors_info=&#8220;{}&#8220; background_color=&#8220;rgba(0,0,0,0)&#8220; hover_enabled=&#8220;0&#8243; sticky_enabled=&#8220;0&#8243;]<\/p>\n<p style=\"text-align: center;\"><span style=\"color: #0076be;\"><strong>Prof. Dr.-Ing. Thomas Bock<\/strong><\/span><\/p>\n<p style=\"text-align: center;\">Berater<\/p>\n<p style=\"text-align: center;\"><em><strong>Schl\u00fcsselqualifikationen:<\/strong><\/em><br \/>\nFortschrittliche Bau- und Geb\u00e4udetechnik<\/p>\n<p>[\/et_pb_text][\/et_pb_column][\/et_pb_row][\/et_pb_section][et_pb_section fb_built=&#8220;1&#8243; padding_2_tablet=&#8220;60px|50px|60px|50px|true|true&#8220; admin_label=&#8220;Footer&#8220; _builder_version=&#8220;3.22&#8243; use_background_color_gradient=&#8220;on&#8220; background_color_gradient_start=&#8220;#ffffff&#8220; background_color_gradient_end=&#8220;rgba(240,242,246,0.5)&#8220; background_color_gradient_direction=&#8220;90deg&#8220; background_color_gradient_start_position=&#8220;70%&#8220; background_color_gradient_end_position=&#8220;30%&#8220; saved_tabs=&#8220;all&#8220; global_colors_info=&#8220;{}&#8220;][et_pb_row column_structure=&#8220;1_2,1_2&#8243; _builder_version=&#8220;3.25&#8243; global_colors_info=&#8220;{}&#8220;][et_pb_column type=&#8220;1_2&#8243; _builder_version=&#8220;3.25&#8243; custom_padding=&#8220;|||&#8220; global_colors_info=&#8220;{}&#8220; custom_padding__hover=&#8220;|||&#8220;][et_pb_image src=&#8220;https:\/\/credorobotics.com\/wp-content\/uploads\/2022\/02\/IMG_9491-001_Edit_New-1-scaled.jpg&#8220; title_text=&#8220;IMG_9491-001_Edit_New&#8220; _builder_version=&#8220;4.14.1&#8243; _module_preset=&#8220;default&#8220; global_colors_info=&#8220;{}&#8220;][\/et_pb_image][\/et_pb_column][et_pb_column type=&#8220;1_2&#8243; _builder_version=&#8220;3.25&#8243; custom_padding=&#8220;|||&#8220; global_colors_info=&#8220;{}&#8220; custom_padding__hover=&#8220;|||&#8220;][et_pb_text _builder_version=&#8220;4.14.1&#8243; text_font=&#8220;||||||||&#8220; text_font_size=&#8220;16px&#8220; text_line_height=&#8220;1.9em&#8220; link_font=&#8220;||||||||&#8220; link_text_color=&#8220;#ffffff&#8220; ul_font=&#8220;||||||||&#8220; ol_font=&#8220;||||||||&#8220; quote_font=&#8220;||||||||&#8220; header_font=&#8220;||||||||&#8220; header_font_size=&#8220;40px&#8220; header_2_font=&#8220;Lato|700|||||||&#8220; header_2_font_size=&#8220;40px&#8220; header_2_line_height=&#8220;1.5em&#8220; header_3_font=&#8220;||||||||&#8220; header_4_font=&#8220;Lato|700|||||||&#8220; header_4_text_color=&#8220;rgba(255,255,255,0.4)&#8220; header_4_font_size=&#8220;16px&#8220; header_4_line_height=&#8220;1.5em&#8220; background_enable_color=&#8220;off&#8220; use_background_color_gradient=&#8220;on&#8220; background_color_gradient_start=&#8220;#14bdd2&#8243; background_color_gradient_end=&#8220;#0078be&#8220; background_color_gradient_direction=&#8220;270deg&#8220; background_layout=&#8220;dark&#8220; custom_margin=&#8220;|||&#8220; custom_padding=&#8220;60px|40px|60px|40px|true|true&#8220; animation_style=&#8220;zoom&#8220; animation_intensity_zoom=&#8220;2%&#8220; header_font_size_tablet=&#8220;30px&#8220; header_font_size_phone=&#8220;24px&#8220; header_font_size_last_edited=&#8220;on|phone&#8220; header_2_font_size_tablet=&#8220;30px&#8220; header_2_font_size_phone=&#8220;&#8220; header_2_font_size_last_edited=&#8220;on|tablet&#8220; box_shadow_style=&#8220;preset3&#8243; box_shadow_vertical=&#8220;100px&#8220; box_shadow_blur=&#8220;100px&#8220; box_shadow_spread=&#8220;-60px&#8220; locked=&#8220;off&#8220; global_colors_info=&#8220;{}&#8220;]<\/p>\n<h2>Kontakt<\/h2>\n<p><strong>Natalie Linner<\/strong><br \/>Marketing- &amp; Projektmanagerin<br \/>T: +49 176 61032728<br \/>E: <a href=\"mailto:nl@credorobotics.com\">nl@credorobotics.com<\/a><\/p>\n<p><a href=\"https:\/\/www.linkedin.com\/company\/credorobotics\/\"> <img loading=\"lazy\" decoding=\"async\" src=\"https:\/\/credorobotics.com\/wp-content\/uploads\/2021\/12\/LinkedIn_Logo_2-300x300.png\" width=\"50\" height=\"50\" alt=\"\" class=\"wp-image-1919 alignnone size-medium\" \/><\/a><\/p>\n<p>[\/et_pb_text][et_pb_button button_url=&#8220;https:\/\/credorobotics.com\/de\/kontakt\/&#8220; button_text=&#8220;Nachricht senden&#8220; button_alignment=&#8220;left&#8220; _builder_version=&#8220;4.14.1&#8243; custom_button=&#8220;on&#8220; button_text_size=&#8220;15px&#8220; button_text_color=&#8220;#0076be&#8220; button_bg_color=&#8220;rgba(255,255,255,0)&#8220; button_border_width=&#8220;2px&#8220; button_border_color=&#8220;rgba(65,89,160,0.08)&#8220; button_border_radius=&#8220;100px&#8220; button_font=&#8220;Lato|700|||||||&#8220; button_use_icon=&#8220;off&#8220; custom_padding=&#8220;15px|30px|15px|30px|true|true&#8220; button_border_color_hover=&#8220;#4159a0&#8243; locked=&#8220;off&#8220; global_colors_info=&#8220;{}&#8220; button_text_size__hover_enabled=&#8220;off&#8220; button_one_text_size__hover_enabled=&#8220;off&#8220; button_two_text_size__hover_enabled=&#8220;off&#8220; button_text_color__hover_enabled=&#8220;off&#8220; button_one_text_color__hover_enabled=&#8220;off&#8220; button_two_text_color__hover_enabled=&#8220;off&#8220; button_border_width__hover_enabled=&#8220;off&#8220; button_one_border_width__hover_enabled=&#8220;off&#8220; button_two_border_width__hover_enabled=&#8220;off&#8220; button_border_color__hover_enabled=&#8220;on|hover&#8220; button_border_color__hover=&#8220;#0076be&#8220; button_one_border_color__hover_enabled=&#8220;off&#8220; button_two_border_color__hover_enabled=&#8220;off&#8220; button_border_radius__hover_enabled=&#8220;off&#8220; button_one_border_radius__hover_enabled=&#8220;off&#8220; button_two_border_radius__hover_enabled=&#8220;off&#8220; button_letter_spacing__hover_enabled=&#8220;off&#8220; button_one_letter_spacing__hover_enabled=&#8220;off&#8220; button_two_letter_spacing__hover_enabled=&#8220;off&#8220; button_bg_color__hover_enabled=&#8220;off&#8220; button_one_bg_color__hover_enabled=&#8220;off&#8220; button_two_bg_color__hover_enabled=&#8220;off&#8220;][\/et_pb_button][\/et_pb_column][\/et_pb_row][\/et_pb_section]<\/p>\n","protected":false},"excerpt":{"rendered":"<p>Prof. Dr.-Ing. Thomas Linner Gesch\u00e4ftsf\u00fchrer Schl\u00fcsselqualifikationen: Systems engineering, StandardisationNatalie Linner Marketing und Projektmanagement Schl\u00fcsselqualifikationen: Marketing, ProjektkoordinationM.A. Marc Schmailzl Projektmanager Schl\u00fcsselqualifikationen: BIM-to-Robot, parametrisches und generatives DesignCharlie Zhao Beraterin Schl\u00fcsselqualifikationen: Gesch\u00e4ftsmodelle, Start-ups, Technologief\u00f6rderung und Finanzierung Prof. Dr.-Ing. Thomas Bock Berater Schl\u00fcsselqualifikationen: Fortschrittliche Bau- und Geb\u00e4udetechnikKontakt Natalie LinnerMarketing- &amp; ProjektmanagerinT: +49 176 61032728E: nl@credorobotics.com<\/p>\n","protected":false},"author":1,"featured_media":0,"parent":0,"menu_order":0,"comment_status":"closed","ping_status":"closed","template":"","meta":{"_et_pb_use_builder":"on","_et_pb_old_content":"","_et_gb_content_width":"","inline_featured_image":false,"footnotes":""},"class_list":["post-2425","page","type-page","status-publish","hentry"],"yoast_head":"<!-- This site is optimized with the Yoast SEO plugin v21.9.1 - https:\/\/yoast.com\/wordpress\/plugins\/seo\/ -->\n<title>Unser Team. CREDO Robotics GmbH, Deutschland<\/title>\n<meta name=\"description\" content=\"Treffen Sie die Denker und Macher. Automatisierung &amp; Robotik im Bauwesen, Dr. Ing. Thomas Linner, Gesch\u00e4ftsf\u00fchrer\" \/>\n<meta name=\"robots\" content=\"index, follow, max-snippet:-1, max-image-preview:large, max-video-preview:-1\" \/>\n<link rel=\"canonical\" href=\"https:\/\/credorobotics.com\/de\/unser-team\/\" \/>\n<meta property=\"og:locale\" content=\"de_DE\" \/>\n<meta property=\"og:type\" content=\"article\" \/>\n<meta property=\"og:title\" content=\"Unser Team. CREDO Robotics GmbH, Deutschland\" \/>\n<meta property=\"og:description\" content=\"Treffen Sie die Denker und Macher. Automatisierung &amp; Robotik im Bauwesen, Dr. Ing. Thomas Linner, Gesch\u00e4ftsf\u00fchrer\" \/>\n<meta property=\"og:url\" content=\"https:\/\/credorobotics.com\/de\/unser-team\/\" \/>\n<meta property=\"og:site_name\" content=\"CREDO Robotics GmbH\" \/>\n<meta property=\"article:modified_time\" content=\"2025-04-07T18:59:25+00:00\" \/>\n<meta property=\"og:image\" content=\"https:\/\/credorobotics.com\/wp-content\/uploads\/2021\/12\/LinkedIn_Logo_2-300x300.png\" \/>\n<meta name=\"twitter:card\" content=\"summary_large_image\" \/>\n<meta name=\"twitter:label1\" content=\"Gesch\u00e4tzte Lesezeit\" \/>\n\t<meta name=\"twitter:data1\" content=\"4\u00a0Minuten\" \/>\n<script type=\"application\/ld+json\" class=\"yoast-schema-graph\">{\"@context\":\"https:\/\/schema.org\",\"@graph\":[{\"@type\":\"WebPage\",\"@id\":\"https:\/\/credorobotics.com\/de\/unser-team\/\",\"url\":\"https:\/\/credorobotics.com\/de\/unser-team\/\",\"name\":\"Unser Team. CREDO Robotics GmbH, Deutschland\",\"isPartOf\":{\"@id\":\"https:\/\/credorobotics.com\/#website\"},\"datePublished\":\"2021-02-02T12:30:58+00:00\",\"dateModified\":\"2025-04-07T18:59:25+00:00\",\"description\":\"Treffen Sie die Denker und Macher. Automatisierung & Robotik im Bauwesen, Dr. Ing. Thomas Linner, Gesch\u00e4ftsf\u00fchrer\",\"breadcrumb\":{\"@id\":\"https:\/\/credorobotics.com\/de\/unser-team\/#breadcrumb\"},\"inLanguage\":\"de\",\"potentialAction\":[{\"@type\":\"ReadAction\",\"target\":[\"https:\/\/credorobotics.com\/de\/unser-team\/\"]}]},{\"@type\":\"BreadcrumbList\",\"@id\":\"https:\/\/credorobotics.com\/de\/unser-team\/#breadcrumb\",\"itemListElement\":[{\"@type\":\"ListItem\",\"position\":1,\"name\":\"Startseite\",\"item\":\"https:\/\/credorobotics.com\/\"},{\"@type\":\"ListItem\",\"position\":2,\"name\":\"Unser Team\"}]},{\"@type\":\"WebSite\",\"@id\":\"https:\/\/credorobotics.com\/#website\",\"url\":\"https:\/\/credorobotics.com\/\",\"name\":\"CREDO Robotics GmbH\",\"description\":\"Construction robotics solutions\",\"potentialAction\":[{\"@type\":\"SearchAction\",\"target\":{\"@type\":\"EntryPoint\",\"urlTemplate\":\"https:\/\/credorobotics.com\/?s={search_term_string}\"},\"query-input\":\"required name=search_term_string\"}],\"inLanguage\":\"de\"}]}<\/script>\n<!-- \/ Yoast SEO plugin. -->","yoast_head_json":{"title":"Unser Team. CREDO Robotics GmbH, Deutschland","description":"Treffen Sie die Denker und Macher. Automatisierung & Robotik im Bauwesen, Dr. Ing. Thomas Linner, Gesch\u00e4ftsf\u00fchrer","robots":{"index":"index","follow":"follow","max-snippet":"max-snippet:-1","max-image-preview":"max-image-preview:large","max-video-preview":"max-video-preview:-1"},"canonical":"https:\/\/credorobotics.com\/de\/unser-team\/","og_locale":"de_DE","og_type":"article","og_title":"Unser Team. CREDO Robotics GmbH, Deutschland","og_description":"Treffen Sie die Denker und Macher. Automatisierung & Robotik im Bauwesen, Dr. Ing. Thomas Linner, Gesch\u00e4ftsf\u00fchrer","og_url":"https:\/\/credorobotics.com\/de\/unser-team\/","og_site_name":"CREDO Robotics GmbH","article_modified_time":"2025-04-07T18:59:25+00:00","og_image":[{"url":"https:\/\/credorobotics.com\/wp-content\/uploads\/2021\/12\/LinkedIn_Logo_2-300x300.png"}],"twitter_card":"summary_large_image","twitter_misc":{"Gesch\u00e4tzte Lesezeit":"4\u00a0Minuten"},"schema":{"@context":"https:\/\/schema.org","@graph":[{"@type":"WebPage","@id":"https:\/\/credorobotics.com\/de\/unser-team\/","url":"https:\/\/credorobotics.com\/de\/unser-team\/","name":"Unser Team. CREDO Robotics GmbH, Deutschland","isPartOf":{"@id":"https:\/\/credorobotics.com\/#website"},"datePublished":"2021-02-02T12:30:58+00:00","dateModified":"2025-04-07T18:59:25+00:00","description":"Treffen Sie die Denker und Macher. Automatisierung & Robotik im Bauwesen, Dr. Ing. Thomas Linner, Gesch\u00e4ftsf\u00fchrer","breadcrumb":{"@id":"https:\/\/credorobotics.com\/de\/unser-team\/#breadcrumb"},"inLanguage":"de","potentialAction":[{"@type":"ReadAction","target":["https:\/\/credorobotics.com\/de\/unser-team\/"]}]},{"@type":"BreadcrumbList","@id":"https:\/\/credorobotics.com\/de\/unser-team\/#breadcrumb","itemListElement":[{"@type":"ListItem","position":1,"name":"Startseite","item":"https:\/\/credorobotics.com\/"},{"@type":"ListItem","position":2,"name":"Unser Team"}]},{"@type":"WebSite","@id":"https:\/\/credorobotics.com\/#website","url":"https:\/\/credorobotics.com\/","name":"CREDO Robotics GmbH","description":"Construction robotics solutions","potentialAction":[{"@type":"SearchAction","target":{"@type":"EntryPoint","urlTemplate":"https:\/\/credorobotics.com\/?s={search_term_string}"},"query-input":"required name=search_term_string"}],"inLanguage":"de"}]}},"_links":{"self":[{"href":"https:\/\/credorobotics.com\/de\/wp-json\/wp\/v2\/pages\/2425","targetHints":{"allow":["GET"]}}],"collection":[{"href":"https:\/\/credorobotics.com\/de\/wp-json\/wp\/v2\/pages"}],"about":[{"href":"https:\/\/credorobotics.com\/de\/wp-json\/wp\/v2\/types\/page"}],"author":[{"embeddable":true,"href":"https:\/\/credorobotics.com\/de\/wp-json\/wp\/v2\/users\/1"}],"replies":[{"embeddable":true,"href":"https:\/\/credorobotics.com\/de\/wp-json\/wp\/v2\/comments?post=2425"}],"version-history":[{"count":31,"href":"https:\/\/credorobotics.com\/de\/wp-json\/wp\/v2\/pages\/2425\/revisions"}],"predecessor-version":[{"id":2900,"href":"https:\/\/credorobotics.com\/de\/wp-json\/wp\/v2\/pages\/2425\/revisions\/2900"}],"wp:attachment":[{"href":"https:\/\/credorobotics.com\/de\/wp-json\/wp\/v2\/media?parent=2425"}],"curies":[{"name":"wp","href":"https:\/\/api.w.org\/{rel}","templated":true}]}}