{"id":2419,"date":"2021-02-08T11:42:11","date_gmt":"2021-02-08T10:42:11","guid":{"rendered":"https:\/\/credorobotics.com\/our-experience\/"},"modified":"2025-04-07T20:47:26","modified_gmt":"2025-04-07T18:47:26","slug":"unsere-erfahrung","status":"publish","type":"page","link":"https:\/\/credorobotics.com\/de\/unsere-erfahrung\/","title":{"rendered":"Unsere Erfahrung"},"content":{"rendered":"<p>[et_pb_section fb_built=&#8220;1&#8243; fullwidth=&#8220;on&#8220; admin_label=&#8220;Hero&#8220; _builder_version=&#8220;4.5.6&#8243; background_image=&#8220;https:\/\/www.credorobotics.de\/wp-content\/uploads\/2020\/12\/stage-8.jpg&#8220; global_colors_info=&#8220;{}&#8220;][et_pb_fullwidth_header title=&#8220;Unsere Erfahrung&#8220; subhead=&#8220;Wir unterst\u00fctzen Sie in allen Phasen der Wertsch\u00f6pfungskette des Bauens.&#8220; button_one_url=&#8220;https:\/\/www.credorobotics.de\/services\/&#8220; button_two_url=&#8220;https:\/\/www.credorobotics.de\/industry-sections\/&#8220; content_max_width=&#8220;700px&#8220; _builder_version=&#8220;4.14.1&#8243; title_font=&#8220;Lato|700|||||||&#8220; title_font_size=&#8220;42px&#8220; title_line_height=&#8220;1.4em&#8220; content_font=&#8220;||||||||&#8220; content_font_size=&#8220;20px&#8220; content_line_height=&#8220;1.8em&#8220; subhead_font=&#8220;Lato|300|||||||&#8220; subhead_font_size=&#8220;30px&#8220; subhead_line_height=&#8220;1.3em&#8220; background_color=&#8220;rgba(0,0,0,0)&#8220; use_background_color_gradient=&#8220;on&#8220; background_color_gradient_start=&#8220;rgba(0,118,190,0.88)&#8220; background_color_gradient_end=&#8220;rgba(20,188,210,0.61)&#8220; background_color_gradient_direction=&#8220;90deg&#8220; background_color_gradient_start_position=&#8220;5%&#8220; background_color_gradient_overlays_image=&#8220;on&#8220; background_image=&#8220;https:\/\/credorobotics.com\/wp-content\/uploads\/2022\/02\/IMG_3859-001_Edit-scaled.jpg&#8220; custom_button_one=&#8220;on&#8220; button_one_text_size=&#8220;16px&#8220; button_one_text_color=&#8220;#0074bd&#8220; button_one_bg_color=&#8220;#ffffff&#8220; button_one_border_width=&#8220;10px&#8220; button_one_border_color=&#8220;rgba(210,159,104,0)&#8220; button_one_border_radius=&#8220;100px&#8220; button_one_font=&#8220;Lato|700|||||||&#8220; button_one_use_icon=&#8220;off&#8220; custom_button_two=&#8220;on&#8220; button_two_text_size=&#8220;16px&#8220; button_two_text_color=&#8220;#ffffff&#8220; button_two_bg_color=&#8220;rgba(255,255,255,0.15)&#8220; button_two_border_width=&#8220;10px&#8220; button_two_border_color=&#8220;rgba(210,159,104,0)&#8220; button_two_border_radius=&#8220;100px&#8220; button_two_font=&#8220;Lato|900|||||||&#8220; button_two_use_icon=&#8220;off&#8220; custom_margin=&#8220;|||&#8220; custom_padding=&#8220;80px||120px||false|false&#8220; custom_padding_tablet=&#8220;20vw||20vw||true&#8220; custom_padding_phone=&#8220;4vw||4vw||true|false&#8220; custom_padding_last_edited=&#8220;on|desktop&#8220; title_font_size_tablet=&#8220;50px&#8220; title_font_size_phone=&#8220;32px&#8220; title_font_size_last_edited=&#8220;on|tablet&#8220; subhead_font_size_tablet=&#8220;&#8220; subhead_font_size_phone=&#8220;23px&#8220; subhead_font_size_last_edited=&#8220;on|phone&#8220; button_one_text_color_hover=&#8220;#3550a0&#8243; button_two_text_color_hover=&#8220;#ffffff&#8220; button_one_bg_color_hover=&#8220;rgba(255,255,255,0.8)&#8220; button_two_bg_color_hover=&#8220;rgba(255,255,255,0.3)&#8220; global_colors_info=&#8220;{}&#8220; button_one_text_size__hover_enabled=&#8220;off&#8220; button_two_text_size__hover_enabled=&#8220;off&#8220; button_one_text_color__hover_enabled=&#8220;on|hover&#8220; button_one_text_color__hover=&#8220;#0065a3&#8243; button_two_text_color__hover_enabled=&#8220;on&#8220; button_two_text_color__hover=&#8220;#ffffff&#8220; button_one_border_width__hover_enabled=&#8220;off&#8220; button_two_border_width__hover_enabled=&#8220;off&#8220; button_one_border_color__hover_enabled=&#8220;off&#8220; button_two_border_color__hover_enabled=&#8220;off&#8220; button_one_border_radius__hover_enabled=&#8220;off&#8220; button_two_border_radius__hover_enabled=&#8220;off&#8220; button_one_letter_spacing__hover_enabled=&#8220;off&#8220; button_two_letter_spacing__hover_enabled=&#8220;off&#8220; button_one_bg_color__hover_enabled=&#8220;on&#8220; button_one_bg_color__hover=&#8220;rgba(255,255,255,0.8)&#8220; button_two_bg_color__hover_enabled=&#8220;on&#8220; button_two_bg_color__hover=&#8220;rgba(255,255,255,0.3)&#8220;][\/et_pb_fullwidth_header][\/et_pb_section][et_pb_section fb_built=&#8220;1&#8243; admin_label=&#8220;Books&#8220; _builder_version=&#8220;4.5.6&#8243; use_background_color_gradient=&#8220;on&#8220; background_color_gradient_start=&#8220;rgba(240,242,246,0.5)&#8220; background_color_gradient_end=&#8220;rgba(255,255,255,0)&#8220; background_color_gradient_direction=&#8220;90deg&#8220; custom_padding=&#8220;60px||120px||false|false&#8220; global_colors_info=&#8220;{}&#8220;][et_pb_row column_structure=&#8220;1_3,1_3,1_3&#8243; custom_padding_last_edited=&#8220;on|tablet&#8220; _builder_version=&#8220;3.25&#8243; custom_padding=&#8220;|12%|||false|false&#8220; custom_padding_tablet=&#8220;|0%||&#8220; custom_padding_phone=&#8220;&#8220; global_colors_info=&#8220;{}&#8220;][et_pb_column type=&#8220;1_3&#8243; _builder_version=&#8220;3.25&#8243; custom_padding=&#8220;|||&#8220; global_colors_info=&#8220;{}&#8220; custom_padding__hover=&#8220;|||&#8220;][et_pb_image src=&#8220;https:\/\/www.credorobotics.de\/wp-content\/uploads\/2021\/03\/collaborators-n.jpg&#8220; title_text=&#8220;collaborators-n&#8220; url=&#8220;https:\/\/credorobotics.com\/de\/ausgewaehlte-kooperationspartner\/&#8220; url_new_window=&#8220;on&#8220; align_tablet=&#8220;center&#8220; align_phone=&#8220;&#8220; align_last_edited=&#8220;on|desktop&#8220; _builder_version=&#8220;4.14.1&#8243; animation_style=&#8220;zoom&#8220; animation_intensity_zoom=&#8220;2%&#8220; box_shadow_style=&#8220;preset3&#8243; box_shadow_vertical=&#8220;30px&#8220; box_shadow_blur=&#8220;80px&#8220; box_shadow_spread=&#8220;-20px&#8220; locked=&#8220;off&#8220; global_colors_info=&#8220;{}&#8220;][\/et_pb_image][et_pb_text _builder_version=&#8220;4.14.1&#8243; text_font=&#8220;||||||||&#8220; text_font_size=&#8220;17px&#8220; text_line_height=&#8220;1.9em&#8220; header_font=&#8220;||||||||&#8220; header_3_font=&#8220;Lato|700|||||||&#8220; header_3_font_size=&#8220;24px&#8220; header_3_line_height=&#8220;1.5em&#8220; header_4_font=&#8220;Lato|700|||||||&#8220; header_4_text_color=&#8220;#0076be&#8220; header_4_font_size=&#8220;16px&#8220; header_4_line_height=&#8220;1.5em&#8220; max_width=&#8220;400px&#8220; custom_margin=&#8220;|||&#8220; link_option_url=&#8220;https:\/\/www.credorobotics.de\/wp-content\/uploads\/2021\/05\/welt_karte_210517.pdf&#8220; link_option_url_new_window=&#8220;on&#8220; header_3_font_size_tablet=&#8220;&#8220; header_3_font_size_phone=&#8220;20px&#8220; header_3_font_size_last_edited=&#8220;on|phone&#8220; locked=&#8220;off&#8220; global_colors_info=&#8220;{}&#8220;]<\/p>\n<h4>Weltweit in Kontakt<\/h4>\n<h3>Netzwerk &amp; Kooperationspartner<\/h3>\n<p>Unser erstklassiges Netzwerk von transdisziplin\u00e4ren Spezialisten rund um den Globus erm\u00f6glicht es uns, individuelle Projektteams f\u00fcr unsere Kunden zusammenzustellen. Wir unterst\u00fctzen Sie mit unseren guten Beziehungen zu den wichtigsten weltweiten Akteuren der Branche.<\/p>\n<p>[\/et_pb_text][\/et_pb_column][et_pb_column type=&#8220;1_3&#8243; _builder_version=&#8220;3.25&#8243; custom_padding=&#8220;|||&#8220; global_colors_info=&#8220;{}&#8220; custom_padding__hover=&#8220;|||&#8220;][et_pb_image src=&#8220;https:\/\/www.credorobotics.de\/wp-content\/uploads\/2021\/03\/achievements-n.jpg&#8220; title_text=&#8220;achievements-n&#8220; url=&#8220;https:\/\/credorobotics.com\/wp-content\/uploads\/2022\/04\/Short-CV-TL-Credo.pdf&#8220; url_new_window=&#8220;on&#8220; align_tablet=&#8220;center&#8220; align_phone=&#8220;&#8220; align_last_edited=&#8220;on|desktop&#8220; _builder_version=&#8220;4.14.1&#8243; animation_style=&#8220;zoom&#8220; animation_intensity_zoom=&#8220;2%&#8220; box_shadow_style=&#8220;preset3&#8243; box_shadow_vertical=&#8220;30px&#8220; box_shadow_blur=&#8220;80px&#8220; box_shadow_spread=&#8220;-20px&#8220; locked=&#8220;off&#8220; global_colors_info=&#8220;{}&#8220;][\/et_pb_image][et_pb_text _builder_version=&#8220;4.14.1&#8243; text_font=&#8220;||||||||&#8220; text_font_size=&#8220;17px&#8220; text_line_height=&#8220;1.9em&#8220; header_font=&#8220;||||||||&#8220; header_3_font=&#8220;Lato|700|||||||&#8220; header_3_font_size=&#8220;24px&#8220; header_3_line_height=&#8220;1.5em&#8220; header_4_font=&#8220;Lato|700|||||||&#8220; header_4_text_color=&#8220;#0076be&#8220; header_4_font_size=&#8220;16px&#8220; header_4_line_height=&#8220;1.5em&#8220; max_width=&#8220;400px&#8220; custom_margin=&#8220;|||&#8220; link_option_url=&#8220;https:\/\/credorobotics.com\/de\/ausgewaehlte-kooperationspartner\/&#8220; link_option_url_new_window=&#8220;on&#8220; header_3_font_size_tablet=&#8220;&#8220; header_3_font_size_phone=&#8220;20px&#8220; header_3_font_size_last_edited=&#8220;on|phone&#8220; locked=&#8220;off&#8220; global_colors_info=&#8220;{}&#8220;]<\/p>\n<h4>Globale Beziehungen<\/h4>\n<h3>Erfolge<\/h3>\n<p>Unsere Berater waren an allen wichtigen Projekten und Initiativen in diesem Bereich beteiligt. Entdecken Sie die Profile unserer wichtigsten Berater!<\/p>\n<p>[\/et_pb_text][\/et_pb_column][et_pb_column type=&#8220;1_3&#8243; _builder_version=&#8220;3.25&#8243; custom_padding=&#8220;|||&#8220; global_colors_info=&#8220;{}&#8220; custom_padding__hover=&#8220;|||&#8220;][et_pb_image src=&#8220;https:\/\/www.credorobotics.de\/wp-content\/uploads\/2021\/03\/publications-n.jpg&#8220; title_text=&#8220;publications-n&#8220; url=&#8220;https:\/\/www.cambridge.org\/de\/academic\/collections\/cambridge-handbooks-construction-robotics&#8220; url_new_window=&#8220;on&#8220; align_tablet=&#8220;center&#8220; align_phone=&#8220;&#8220; align_last_edited=&#8220;on|desktop&#8220; _builder_version=&#8220;4.5.6&#8243; animation_style=&#8220;zoom&#8220; animation_intensity_zoom=&#8220;2%&#8220; box_shadow_style=&#8220;preset3&#8243; box_shadow_vertical=&#8220;30px&#8220; box_shadow_blur=&#8220;80px&#8220; box_shadow_spread=&#8220;-20px&#8220; locked=&#8220;off&#8220; global_colors_info=&#8220;{}&#8220;][\/et_pb_image][et_pb_text _builder_version=&#8220;4.14.1&#8243; text_font=&#8220;||||||||&#8220; text_font_size=&#8220;17px&#8220; text_line_height=&#8220;1.9em&#8220; header_font=&#8220;||||||||&#8220; header_3_font=&#8220;Lato|700|||||||&#8220; header_3_font_size=&#8220;24px&#8220; header_3_line_height=&#8220;1.5em&#8220; header_4_font=&#8220;Lato|700|||||||&#8220; header_4_text_color=&#8220;#0076be&#8220; header_4_font_size=&#8220;16px&#8220; header_4_line_height=&#8220;1.5em&#8220; max_width=&#8220;400px&#8220; custom_margin=&#8220;|||&#8220; link_option_url=&#8220;https:\/\/credorobotics.com\/wp-content\/uploads\/2022\/04\/Track-Record-ppt-5_gekuerzt.pdf&#8220; header_3_font_size_tablet=&#8220;&#8220; header_3_font_size_phone=&#8220;20px&#8220; header_3_font_size_last_edited=&#8220;on|phone&#8220; locked=&#8220;off&#8220; global_colors_info=&#8220;{}&#8220;]<\/p>\n<h4>Globale Expertise<\/h4>\n<h3>Fachwissen<\/h3>\n<p>Unsere Berater waren an allen wichtigen Projekten und Initiativen in diesem Bereich beteiligt. Entdecken Sie das Know-how hinter CREDO, zum Beispiel die Cambridge Handbooks in Construction Robotics.<\/p>\n<p>[\/et_pb_text][\/et_pb_column][\/et_pb_row][\/et_pb_section][et_pb_section fb_built=&#8220;1&#8243; padding_2_tablet=&#8220;60px|50px|60px|50px|true|true&#8220; admin_label=&#8220;Footer&#8220; _builder_version=&#8220;3.22&#8243; use_background_color_gradient=&#8220;on&#8220; background_color_gradient_start=&#8220;#ffffff&#8220; background_color_gradient_end=&#8220;rgba(240,242,246,0.5)&#8220; background_color_gradient_direction=&#8220;90deg&#8220; background_color_gradient_start_position=&#8220;70%&#8220; background_color_gradient_end_position=&#8220;30%&#8220; saved_tabs=&#8220;all&#8220; global_colors_info=&#8220;{}&#8220;][et_pb_row column_structure=&#8220;1_2,1_2&#8243; _builder_version=&#8220;3.25&#8243; global_colors_info=&#8220;{}&#8220;][et_pb_column type=&#8220;1_2&#8243; _builder_version=&#8220;3.25&#8243; custom_padding=&#8220;|||&#8220; global_colors_info=&#8220;{}&#8220; custom_padding__hover=&#8220;|||&#8220;][et_pb_signup mailchimp_list=&#8220;SlavaET|42d4a98af1&#8243; layout=&#8220;top_bottom&#8220; first_name_field=&#8220;off&#8220; last_name_field=&#8220;off&#8220; title=&#8220;Join our newsletter&#8220; button_text=&#8220;Subscribe now&#8220; description=&#8220;<\/p>\n<p>Subscribe for news &#038; resources about scaling your business<\/p>\n<p>&#8220; disabled_on=&#8220;on|on|on&#8220; _builder_version=&#8220;4.5.6&#8243; form_field_background_color=&#8220;#f0f2f6&#8243; header_level=&#8220;h4&#8243; header_font=&#8220;Lato|700|||||||&#8220; header_font_size=&#8220;24px&#8220; header_line_height=&#8220;1.5em&#8220; body_font=&#8220;||||||||&#8220; body_font_size=&#8220;16px&#8220; body_line_height=&#8220;1.9em&#8220; form_field_font=&#8220;Lato|700|||||||&#8220; form_field_line_height=&#8220;1.5em&#8220; use_background_color=&#8220;off&#8220; custom_button=&#8220;on&#8220; button_text_size=&#8220;16px&#8220; button_text_color=&#8220;#ffffff&#8220; button_bg_color=&#8220;#0076be&#8220; button_border_width=&#8220;10px&#8220; button_border_color=&#8220;rgba(210,159,104,0)&#8220; button_border_radius=&#8220;100px&#8220; button_font=&#8220;Lato|900|||||||&#8220; button_use_icon=&#8220;off&#8220; background_layout=&#8220;light&#8220; header_font_size_tablet=&#8220;&#8220; header_font_size_phone=&#8220;20px&#8220; header_font_size_last_edited=&#8220;on|phone&#8220; border_radii_fields=&#8220;on|36px|36px|36px|36px&#8220; button_bg_color_hover=&#8220;#4159a0&#8243; disabled=&#8220;on&#8220; locked=&#8220;off&#8220; global_colors_info=&#8220;{}&#8220; button_text_size__hover_enabled=&#8220;off&#8220; button_one_text_size__hover_enabled=&#8220;off&#8220; button_two_text_size__hover_enabled=&#8220;off&#8220; button_text_color__hover_enabled=&#8220;off&#8220; button_one_text_color__hover_enabled=&#8220;off&#8220; button_two_text_color__hover_enabled=&#8220;off&#8220; button_border_width__hover_enabled=&#8220;off&#8220; button_one_border_width__hover_enabled=&#8220;off&#8220; button_two_border_width__hover_enabled=&#8220;off&#8220; button_border_color__hover_enabled=&#8220;off&#8220; button_one_border_color__hover_enabled=&#8220;off&#8220; button_two_border_color__hover_enabled=&#8220;off&#8220; button_border_radius__hover_enabled=&#8220;off&#8220; button_one_border_radius__hover_enabled=&#8220;off&#8220; button_two_border_radius__hover_enabled=&#8220;off&#8220; button_letter_spacing__hover_enabled=&#8220;off&#8220; button_one_letter_spacing__hover_enabled=&#8220;off&#8220; button_two_letter_spacing__hover_enabled=&#8220;off&#8220; button_bg_color__hover_enabled=&#8220;on|hover&#8220; button_bg_color__hover=&#8220;#0065a3&#8243; button_one_bg_color__hover_enabled=&#8220;off&#8220; button_two_bg_color__hover_enabled=&#8220;off&#8220; button_bg_enable_color__hover=&#8220;on&#8220;][\/et_pb_signup][\/et_pb_column][et_pb_column type=&#8220;1_2&#8243; _builder_version=&#8220;3.25&#8243; custom_padding=&#8220;|||&#8220; global_colors_info=&#8220;{}&#8220; custom_padding__hover=&#8220;|||&#8220;][et_pb_text _builder_version=&#8220;4.14.1&#8243; text_font=&#8220;||||||||&#8220; text_font_size=&#8220;16px&#8220; text_line_height=&#8220;1.9em&#8220; link_font=&#8220;||||||||&#8220; link_text_color=&#8220;#ffffff&#8220; ul_font=&#8220;||||||||&#8220; ol_font=&#8220;||||||||&#8220; quote_font=&#8220;||||||||&#8220; header_font=&#8220;||||||||&#8220; header_font_size=&#8220;40px&#8220; header_2_font=&#8220;Lato|700|||||||&#8220; header_2_font_size=&#8220;40px&#8220; header_2_line_height=&#8220;1.5em&#8220; header_3_font=&#8220;||||||||&#8220; header_4_font=&#8220;Lato|700|||||||&#8220; header_4_text_color=&#8220;rgba(255,255,255,0.4)&#8220; header_4_font_size=&#8220;16px&#8220; header_4_line_height=&#8220;1.5em&#8220; background_enable_color=&#8220;off&#8220; use_background_color_gradient=&#8220;on&#8220; background_color_gradient_start=&#8220;#14bdd2&#8243; background_color_gradient_end=&#8220;#0078be&#8220; background_color_gradient_direction=&#8220;270deg&#8220; background_layout=&#8220;dark&#8220; custom_margin=&#8220;|||&#8220; custom_padding=&#8220;60px|40px|60px|40px|true|true&#8220; animation_style=&#8220;zoom&#8220; animation_intensity_zoom=&#8220;2%&#8220; header_font_size_tablet=&#8220;30px&#8220; header_font_size_phone=&#8220;24px&#8220; header_font_size_last_edited=&#8220;on|phone&#8220; header_2_font_size_tablet=&#8220;30px&#8220; header_2_font_size_phone=&#8220;&#8220; header_2_font_size_last_edited=&#8220;on|tablet&#8220; box_shadow_style=&#8220;preset3&#8243; box_shadow_vertical=&#8220;100px&#8220; box_shadow_blur=&#8220;100px&#8220; box_shadow_spread=&#8220;-60px&#8220; locked=&#8220;off&#8220; global_colors_info=&#8220;{}&#8220;]<\/p>\n<h2>Kontakt<\/h2>\n<p><strong>Natalie Linner<\/strong><br \/>Marketing- &amp; Projektmanagerin<br \/>T: +49 176 61032728<br \/>E: <a href=\"mailto:nl@credorobotics.com\">nl@credorobotics.com<\/a><\/p>\n<p><a href=\"https:\/\/www.linkedin.com\/company\/credorobotics\/\"> <img loading=\"lazy\" decoding=\"async\" src=\"https:\/\/credorobotics.com\/wp-content\/uploads\/2021\/12\/LinkedIn_Logo_2-300x300.png\" width=\"50\" height=\"50\" alt=\"\" class=\"wp-image-1919 alignnone size-medium\" \/><\/a><\/p>\n<p>[\/et_pb_text][et_pb_button button_url=&#8220;https:\/\/credorobotics.com\/de\/kontakt\/&#8220; button_text=&#8220;Nachricht senden&#8220; button_alignment=&#8220;left&#8220; _builder_version=&#8220;4.14.1&#8243; custom_button=&#8220;on&#8220; button_text_size=&#8220;15px&#8220; button_text_color=&#8220;#0076be&#8220; button_bg_color=&#8220;rgba(255,255,255,0)&#8220; button_border_width=&#8220;2px&#8220; button_border_color=&#8220;rgba(65,89,160,0.08)&#8220; button_border_radius=&#8220;100px&#8220; button_font=&#8220;Lato|700|||||||&#8220; button_use_icon=&#8220;off&#8220; custom_padding=&#8220;15px|30px|15px|30px|true|true&#8220; button_border_color_hover=&#8220;#4159a0&#8243; locked=&#8220;off&#8220; global_colors_info=&#8220;{}&#8220; button_text_size__hover_enabled=&#8220;off&#8220; button_one_text_size__hover_enabled=&#8220;off&#8220; button_two_text_size__hover_enabled=&#8220;off&#8220; button_text_color__hover_enabled=&#8220;off&#8220; button_one_text_color__hover_enabled=&#8220;off&#8220; button_two_text_color__hover_enabled=&#8220;off&#8220; button_border_width__hover_enabled=&#8220;off&#8220; button_one_border_width__hover_enabled=&#8220;off&#8220; button_two_border_width__hover_enabled=&#8220;off&#8220; button_border_color__hover_enabled=&#8220;on|hover&#8220; button_border_color__hover=&#8220;#0076be&#8220; button_one_border_color__hover_enabled=&#8220;off&#8220; button_two_border_color__hover_enabled=&#8220;off&#8220; button_border_radius__hover_enabled=&#8220;off&#8220; button_one_border_radius__hover_enabled=&#8220;off&#8220; button_two_border_radius__hover_enabled=&#8220;off&#8220; button_letter_spacing__hover_enabled=&#8220;off&#8220; button_one_letter_spacing__hover_enabled=&#8220;off&#8220; button_two_letter_spacing__hover_enabled=&#8220;off&#8220; button_bg_color__hover_enabled=&#8220;off&#8220; button_one_bg_color__hover_enabled=&#8220;off&#8220; button_two_bg_color__hover_enabled=&#8220;off&#8220;][\/et_pb_button][\/et_pb_column][\/et_pb_row][\/et_pb_section]<\/p>\n","protected":false},"excerpt":{"rendered":"<p>Weltweit in Kontakt Netzwerk &amp; Kooperationspartner Unser erstklassiges Netzwerk von transdisziplin\u00e4ren Spezialisten rund um den Globus erm\u00f6glicht es uns, individuelle Projektteams f\u00fcr unsere Kunden zusammenzustellen. Wir unterst\u00fctzen Sie mit unseren guten Beziehungen zu den wichtigsten weltweiten Akteuren der Branche.Globale Beziehungen Erfolge Unsere Berater waren an allen wichtigen Projekten und Initiativen in diesem Bereich beteiligt. Entdecken [&hellip;]<\/p>\n","protected":false},"author":1,"featured_media":0,"parent":0,"menu_order":0,"comment_status":"closed","ping_status":"closed","template":"","meta":{"_et_pb_use_builder":"on","_et_pb_old_content":"","_et_gb_content_width":"","inline_featured_image":false,"footnotes":""},"class_list":["post-2419","page","type-page","status-publish","hentry"],"yoast_head":"<!-- This site is optimized with the Yoast SEO plugin v21.9.1 - https:\/\/yoast.com\/wordpress\/plugins\/seo\/ -->\n<title>Unsere Erfahrung. Automatisierung &amp; Robotik im Bauwesen.<\/title>\n<meta name=\"description\" content=\"Wir unterst\u00fctzen Sie in allen Phasen der Wertsch\u00f6pfungskette des Bauwesens. Netzwerk, Mitarbeiter, Erfolgsbilanz, Ver\u00f6ffentlichungen...\" \/>\n<meta name=\"robots\" content=\"index, follow, max-snippet:-1, max-image-preview:large, max-video-preview:-1\" \/>\n<link rel=\"canonical\" href=\"https:\/\/credorobotics.com\/de\/unsere-erfahrung\/\" \/>\n<meta property=\"og:locale\" content=\"de_DE\" \/>\n<meta property=\"og:type\" content=\"article\" \/>\n<meta property=\"og:title\" content=\"Unsere Erfahrung. Automatisierung &amp; Robotik im Bauwesen.\" \/>\n<meta property=\"og:description\" content=\"Wir unterst\u00fctzen Sie in allen Phasen der Wertsch\u00f6pfungskette des Bauwesens. Netzwerk, Mitarbeiter, Erfolgsbilanz, Ver\u00f6ffentlichungen...\" \/>\n<meta property=\"og:url\" content=\"https:\/\/credorobotics.com\/de\/unsere-erfahrung\/\" \/>\n<meta property=\"og:site_name\" content=\"CREDO Robotics GmbH\" \/>\n<meta property=\"article:modified_time\" content=\"2025-04-07T18:47:26+00:00\" \/>\n<meta property=\"og:image\" content=\"https:\/\/credorobotics.com\/wp-content\/uploads\/2021\/12\/LinkedIn_Logo_2-300x300.png\" \/>\n<meta name=\"twitter:card\" content=\"summary_large_image\" \/>\n<meta name=\"twitter:label1\" content=\"Gesch\u00e4tzte Lesezeit\" \/>\n\t<meta name=\"twitter:data1\" content=\"4\u00a0Minuten\" \/>\n<script type=\"application\/ld+json\" class=\"yoast-schema-graph\">{\"@context\":\"https:\/\/schema.org\",\"@graph\":[{\"@type\":\"WebPage\",\"@id\":\"https:\/\/credorobotics.com\/de\/unsere-erfahrung\/\",\"url\":\"https:\/\/credorobotics.com\/de\/unsere-erfahrung\/\",\"name\":\"Unsere Erfahrung. Automatisierung & Robotik im Bauwesen.\",\"isPartOf\":{\"@id\":\"https:\/\/credorobotics.com\/#website\"},\"datePublished\":\"2021-02-08T10:42:11+00:00\",\"dateModified\":\"2025-04-07T18:47:26+00:00\",\"description\":\"Wir unterst\u00fctzen Sie in allen Phasen der Wertsch\u00f6pfungskette des Bauwesens. Netzwerk, Mitarbeiter, Erfolgsbilanz, Ver\u00f6ffentlichungen...\",\"breadcrumb\":{\"@id\":\"https:\/\/credorobotics.com\/de\/unsere-erfahrung\/#breadcrumb\"},\"inLanguage\":\"de\",\"potentialAction\":[{\"@type\":\"ReadAction\",\"target\":[\"https:\/\/credorobotics.com\/de\/unsere-erfahrung\/\"]}]},{\"@type\":\"BreadcrumbList\",\"@id\":\"https:\/\/credorobotics.com\/de\/unsere-erfahrung\/#breadcrumb\",\"itemListElement\":[{\"@type\":\"ListItem\",\"position\":1,\"name\":\"Startseite\",\"item\":\"https:\/\/credorobotics.com\/\"},{\"@type\":\"ListItem\",\"position\":2,\"name\":\"Unsere Erfahrung\"}]},{\"@type\":\"WebSite\",\"@id\":\"https:\/\/credorobotics.com\/#website\",\"url\":\"https:\/\/credorobotics.com\/\",\"name\":\"CREDO Robotics GmbH\",\"description\":\"Construction robotics solutions\",\"potentialAction\":[{\"@type\":\"SearchAction\",\"target\":{\"@type\":\"EntryPoint\",\"urlTemplate\":\"https:\/\/credorobotics.com\/?s={search_term_string}\"},\"query-input\":\"required name=search_term_string\"}],\"inLanguage\":\"de\"}]}<\/script>\n<!-- \/ Yoast SEO plugin. -->","yoast_head_json":{"title":"Unsere Erfahrung. Automatisierung & Robotik im Bauwesen.","description":"Wir unterst\u00fctzen Sie in allen Phasen der Wertsch\u00f6pfungskette des Bauwesens. Netzwerk, Mitarbeiter, Erfolgsbilanz, Ver\u00f6ffentlichungen...","robots":{"index":"index","follow":"follow","max-snippet":"max-snippet:-1","max-image-preview":"max-image-preview:large","max-video-preview":"max-video-preview:-1"},"canonical":"https:\/\/credorobotics.com\/de\/unsere-erfahrung\/","og_locale":"de_DE","og_type":"article","og_title":"Unsere Erfahrung. Automatisierung & Robotik im Bauwesen.","og_description":"Wir unterst\u00fctzen Sie in allen Phasen der Wertsch\u00f6pfungskette des Bauwesens. Netzwerk, Mitarbeiter, Erfolgsbilanz, Ver\u00f6ffentlichungen...","og_url":"https:\/\/credorobotics.com\/de\/unsere-erfahrung\/","og_site_name":"CREDO Robotics GmbH","article_modified_time":"2025-04-07T18:47:26+00:00","og_image":[{"url":"https:\/\/credorobotics.com\/wp-content\/uploads\/2021\/12\/LinkedIn_Logo_2-300x300.png"}],"twitter_card":"summary_large_image","twitter_misc":{"Gesch\u00e4tzte Lesezeit":"4\u00a0Minuten"},"schema":{"@context":"https:\/\/schema.org","@graph":[{"@type":"WebPage","@id":"https:\/\/credorobotics.com\/de\/unsere-erfahrung\/","url":"https:\/\/credorobotics.com\/de\/unsere-erfahrung\/","name":"Unsere Erfahrung. Automatisierung & Robotik im Bauwesen.","isPartOf":{"@id":"https:\/\/credorobotics.com\/#website"},"datePublished":"2021-02-08T10:42:11+00:00","dateModified":"2025-04-07T18:47:26+00:00","description":"Wir unterst\u00fctzen Sie in allen Phasen der Wertsch\u00f6pfungskette des Bauwesens. Netzwerk, Mitarbeiter, Erfolgsbilanz, Ver\u00f6ffentlichungen...","breadcrumb":{"@id":"https:\/\/credorobotics.com\/de\/unsere-erfahrung\/#breadcrumb"},"inLanguage":"de","potentialAction":[{"@type":"ReadAction","target":["https:\/\/credorobotics.com\/de\/unsere-erfahrung\/"]}]},{"@type":"BreadcrumbList","@id":"https:\/\/credorobotics.com\/de\/unsere-erfahrung\/#breadcrumb","itemListElement":[{"@type":"ListItem","position":1,"name":"Startseite","item":"https:\/\/credorobotics.com\/"},{"@type":"ListItem","position":2,"name":"Unsere Erfahrung"}]},{"@type":"WebSite","@id":"https:\/\/credorobotics.com\/#website","url":"https:\/\/credorobotics.com\/","name":"CREDO Robotics GmbH","description":"Construction robotics solutions","potentialAction":[{"@type":"SearchAction","target":{"@type":"EntryPoint","urlTemplate":"https:\/\/credorobotics.com\/?s={search_term_string}"},"query-input":"required name=search_term_string"}],"inLanguage":"de"}]}},"_links":{"self":[{"href":"https:\/\/credorobotics.com\/de\/wp-json\/wp\/v2\/pages\/2419","targetHints":{"allow":["GET"]}}],"collection":[{"href":"https:\/\/credorobotics.com\/de\/wp-json\/wp\/v2\/pages"}],"about":[{"href":"https:\/\/credorobotics.com\/de\/wp-json\/wp\/v2\/types\/page"}],"author":[{"embeddable":true,"href":"https:\/\/credorobotics.com\/de\/wp-json\/wp\/v2\/users\/1"}],"replies":[{"embeddable":true,"href":"https:\/\/credorobotics.com\/de\/wp-json\/wp\/v2\/comments?post=2419"}],"version-history":[{"count":9,"href":"https:\/\/credorobotics.com\/de\/wp-json\/wp\/v2\/pages\/2419\/revisions"}],"predecessor-version":[{"id":2895,"href":"https:\/\/credorobotics.com\/de\/wp-json\/wp\/v2\/pages\/2419\/revisions\/2895"}],"wp:attachment":[{"href":"https:\/\/credorobotics.com\/de\/wp-json\/wp\/v2\/media?parent=2419"}],"curies":[{"name":"wp","href":"https:\/\/api.w.org\/{rel}","templated":true}]}}